{"id":3,"date":"2025-08-22T18:13:02","date_gmt":"2025-08-22T18:13:02","guid":{"rendered":"https:\/\/eestikoolitus.eu\/?page_id=3"},"modified":"2025-08-29T15:32:49","modified_gmt":"2025-08-29T15:32:49","slug":"andmekaitse","status":"publish","type":"page","link":"https:\/\/eestikoolitus.eu\/en\/andmekaitse\/","title":{"rendered":"Andmekaitse"},"content":{"rendered":"<p>Osa\u00fching Tarkuse Allikas O\u00dc pakub t\u00e4ienduskoolitusi, mille korraldamisel puututakse kokku klientide isikuandmete t\u00f6\u00f6tlemise vajadusega.<\/p>\n\n\n\n<p><strong>Tarkuse Allikas O\u00dc<\/strong> on v\u00f5tnud endale kohustuse kaitsta klientide isiklikke andmeid. Sellega seoses on koostatud andmekaitsetingimused, milles k\u00e4sitletakse klientide andmete kogumist, s\u00e4ilitamist, t\u00f6\u00f6tlemist, kasutamist, avaldamist ja edastamist. Isikuandmete t\u00f6\u00f6tlemisel juhindutakse Euroopa Parlamendi ja N\u00f5ukogu m\u00e4\u00e4rusest (EL) 2016\/679 ning Isikuandmete kaitse seadusest.<\/p>\n\n\n\n<h3 class=\"wp-block-heading\"><strong>Isikuandmete kogumine<\/strong><\/h3>\n\n\n\n<p>Koolitusele registreerimisel ja koolitusteenuste osutamisel koguvad kooli volitatud t\u00f6\u00f6tajad \u00fcldjuhul j\u00e4rgmisi isikuandmeid:<\/p>\n\n\n\n<ul class=\"wp-block-list\">\n<li>eesnimi, perekonnanimi;<\/li>\n\n\n\n<li>isikukood;<\/li>\n\n\n\n<li>telefon, e-post, aadress;<\/li>\n\n\n\n<li>koolitusvajadused;<\/li>\n\n\n\n<li>\u00f5ppimistingimusi puudutavad eelistused.<\/li>\n<\/ul>\n\n\n\n<p>Antud isikuandmeid vajab Tarkuse Allikas O\u00dc kliendi koolitusele registreerimiseks, lepingu s\u00f5lmimiseks, \u00f5ppematerjalide koostamiseks, vajadusel kolmandatele isikutele (sh T\u00f6\u00f6tukassa) info edastamiseks ja dokumentide v\u00e4ljastamiseks. Kuna <strong>Tarkuse Allikas O\u00dc<\/strong> on esitanud majandustegevusteate t\u00e4ienduskoolituste l\u00e4biviimise kohta, on ta kohustatud t\u00e4itma T\u00e4iskasvanute koolituse seadust. Sellest l\u00e4htuvalt vastavad t\u00e4ienduskoolituskeskuse tunnistused ja t\u00f5endid T\u00e4ienduskoolituse standardile ja sisaldavad isiku nime ning isikukoodi (\u00a7 3 lg 3 p 1). Isikuandmeid kogutakse T\u00e4iskasvanute koolituse seaduse, t\u00e4ienduskoolituse standardi, Tulumaksuseaduse ja Tarkuse Allikas O\u00dc \u00f5ppekorralduse tingimuste alusel.<\/p>\n\n\n\n<p>Isikuandmete t\u00f6\u00f6tlemine toimub teenuste osutamiseks vajalikus ulatuses, j\u00e4rgides minimaalsuse p\u00f5him\u00f5tet ja tuginedes Isikuandmete kaitse seadusele ning teistele \u00f5iguslikele alustele.<\/p>\n\n\n\n<p>Tarkuse Allikas O\u00dc v\u00f5ib kasutada klientide kontaktandmeid (e-posti, telefoninumbrit) turunduslike teadaannete edastamiseks ja koolituspakkumiste edastamiseks. Kui klient ei soovi pakkumisi saada, on v\u00f5imalik nendest loobuda, kirjutades oma soovist e-postile <strong>info@eestikoolitus.eu<\/strong>.<\/p>\n\n\n\n<h3 class=\"wp-block-heading\"><strong>Isikuandmete s\u00e4ilitamine<\/strong><\/h3>\n\n\n\n<p>Isikuandmeid s\u00e4ilitatakse vastavalt Tarkuse Allikas O\u00dc kehtestatud korrale, l\u00e4htudes p\u00f5him\u00f5ttest, et andmeid s\u00e4ilitatakse seni, kuni need on vajalikud eesm\u00e4rgi t\u00e4itmiseks, milleks andmeid koguti, v\u00f5i seni, kuni andmete s\u00e4ilitamine on seadusest tulenevalt kohustuslik. Tarkuse Allikas O\u00dc poolt v\u00e4ljastatud t\u00f5endite ja tunnistuste andmeid s\u00e4ilitatakse Haridus- ja Teadusministeeriumi poolt soovitatud t\u00e4htaja ehk seni, kuni kool tegutseb. Selle alusel on v\u00f5imalik klientidel tellida tunnistuse v\u00f5i t\u00f5endi duplikaat. Tarkuse Allikas O\u00dc kasutab organisatsioonilisi ja infotehnilisi turvameetmeid isikuandmete kaitseks volitamata muutmise, t\u00f6\u00f6tlemise ja h\u00e4vitamise eest. Samuti v\u00e4lditakse k\u00f5rvaliste isikute ligip\u00e4\u00e4su isikuandmete t\u00f6\u00f6tlemiseks kasutatavatele seadmetele. Andmete edastamiseks kasutatakse kr\u00fcpteeritud kanaleid.<\/p>\n\n\n\n<h3 class=\"wp-block-heading\"><strong>Isikuandmete jagamine<\/strong><\/h3>\n\n\n\n<p>Tarkuse Allikas O\u00dc teeb koost\u00f6\u00f6d erinevate kolmandate isikutega, sh partnerorganisatsioonidega. Seadusest tulenevalt on Tarkuse Allikas O\u00dc kohustatud edastama isikuandmeid riiklikele institutsioonidele, t\u00e4ites seadusega etten\u00e4htud kohustused. Isikuandmeid (nimi, e-post, telefoninumber) jagatakse ka koolitajatega, kuna see on vajalik koolituse l\u00e4biviimiseks.<\/p>\n\n\n\n<h3 class=\"wp-block-heading\"><strong>Kliendi \u00f5igused<\/strong><\/h3>\n\n\n\n<p>Kliendil on \u00f5igus:<\/p>\n\n\n\n<p>saada teavet, milliseid tema isikuandmeid on kogutud ja t\u00f6\u00f6deldud;<\/p>\n\n\n\n<p>tagasi v\u00f5tta n\u00f5usolek enda isikuandmete kasutamiseks (nt turunduslikel eesm\u00e4rkidel).<\/p>\n\n\n\n<p>parandada v\u00f5i t\u00e4iendada enda isikuandmeid;<\/p>\n\n\n\n<p>n\u00f5uda enda isikuandmete kustutamist (kui see ei ole vastuolus seadustega);<\/p>\n\n\n\n<p><\/p>","protected":false},"excerpt":{"rendered":"<p>Osa\u00fching Tarkuse Allikas O\u00dc pakub t\u00e4ienduskoolitusi, mille korraldamisel puututakse kokku klientide isikuandmete t\u00f6\u00f6tlemise vajadusega. Tarkuse Allikas O\u00dc on v\u00f5tnud endale kohustuse kaitsta klientide isiklikke andmeid. Sellega seoses on koostatud andmekaitsetingimused, milles k\u00e4sitletakse klientide andmete kogumist, s\u00e4ilitamist, t\u00f6\u00f6tlemist, kasutamist, avaldamist ja edastamist. Isikuandmete t\u00f6\u00f6tlemisel juhindutakse Euroopa Parlamendi ja N\u00f5ukogu m\u00e4\u00e4rusest (EL) 2016\/679 ning Isikuandmete kaitse seadusest. [&hellip;]<\/p>\n","protected":false},"author":1,"featured_media":0,"parent":0,"menu_order":0,"comment_status":"closed","ping_status":"open","template":"","meta":{"footnotes":""},"class_list":["post-3","page","type-page","status-publish","hentry"],"yoast_head":"<!-- This site is optimized with the Yoast SEO plugin v27.4 - https:\/\/yoast.com\/product\/yoast-seo-wordpress\/ -->\n<title>Andmekaitse - Eesti Koolituse Akadeemia<\/title>\n<meta name=\"robots\" content=\"index, follow, max-snippet:-1, max-image-preview:large, max-video-preview:-1\" \/>\n<link rel=\"canonical\" href=\"https:\/\/eestikoolitus.eu\/en\/andmekaitse\/\" \/>\n<meta property=\"og:locale\" content=\"en_US\" \/>\n<meta property=\"og:type\" content=\"article\" \/>\n<meta property=\"og:title\" content=\"Andmekaitse - Eesti Koolituse Akadeemia\" \/>\n<meta property=\"og:description\" content=\"Osa\u00fching Tarkuse Allikas O\u00dc pakub t\u00e4ienduskoolitusi, mille korraldamisel puututakse kokku klientide isikuandmete t\u00f6\u00f6tlemise vajadusega. Tarkuse Allikas O\u00dc on v\u00f5tnud endale kohustuse kaitsta klientide isiklikke andmeid. Sellega seoses on koostatud andmekaitsetingimused, milles k\u00e4sitletakse klientide andmete kogumist, s\u00e4ilitamist, t\u00f6\u00f6tlemist, kasutamist, avaldamist ja edastamist. Isikuandmete t\u00f6\u00f6tlemisel juhindutakse Euroopa Parlamendi ja N\u00f5ukogu m\u00e4\u00e4rusest (EL) 2016\/679 ning Isikuandmete kaitse seadusest. [&hellip;]\" \/>\n<meta property=\"og:url\" content=\"https:\/\/eestikoolitus.eu\/en\/andmekaitse\/\" \/>\n<meta property=\"og:site_name\" content=\"Eesti Koolituse Akadeemia\" \/>\n<meta property=\"article:modified_time\" content=\"2025-08-29T15:32:49+00:00\" \/>\n<meta name=\"twitter:card\" content=\"summary_large_image\" \/>\n<meta name=\"twitter:label1\" content=\"Est. reading time\" \/>\n\t<meta name=\"twitter:data1\" content=\"2 minutes\" \/>\n<script type=\"application\/ld+json\" class=\"yoast-schema-graph\">{\"@context\":\"https:\\\/\\\/schema.org\",\"@graph\":[{\"@type\":\"WebPage\",\"@id\":\"https:\\\/\\\/eestikoolitus.eu\\\/andmekaitse\\\/\",\"url\":\"https:\\\/\\\/eestikoolitus.eu\\\/andmekaitse\\\/\",\"name\":\"Andmekaitse - Eesti Koolituse Akadeemia\",\"isPartOf\":{\"@id\":\"https:\\\/\\\/eestikoolitus.eu\\\/#website\"},\"datePublished\":\"2025-08-22T18:13:02+00:00\",\"dateModified\":\"2025-08-29T15:32:49+00:00\",\"breadcrumb\":{\"@id\":\"https:\\\/\\\/eestikoolitus.eu\\\/andmekaitse\\\/#breadcrumb\"},\"inLanguage\":\"en-US\",\"potentialAction\":[{\"@type\":\"ReadAction\",\"target\":[\"https:\\\/\\\/eestikoolitus.eu\\\/andmekaitse\\\/\"]}]},{\"@type\":\"BreadcrumbList\",\"@id\":\"https:\\\/\\\/eestikoolitus.eu\\\/andmekaitse\\\/#breadcrumb\",\"itemListElement\":[{\"@type\":\"ListItem\",\"position\":1,\"name\":\"\u0413\u043b\u0430\u0432\u043d\u0430\u044f \u0441\u0442\u0440\u0430\u043d\u0438\u0446\u0430\",\"item\":\"https:\\\/\\\/eestikoolitus.eu\\\/\"},{\"@type\":\"ListItem\",\"position\":2,\"name\":\"Andmekaitse\"}]},{\"@type\":\"WebSite\",\"@id\":\"https:\\\/\\\/eestikoolitus.eu\\\/#website\",\"url\":\"https:\\\/\\\/eestikoolitus.eu\\\/\",\"name\":\"Eesti Tarkuse Allikas\",\"description\":\"Meie akadeemia pakub kvaliteetseid koolitused t&auml;iskasvanutele alates algtasemest kuni edasij&otilde;udnuteni.\",\"publisher\":{\"@id\":\"https:\\\/\\\/eestikoolitus.eu\\\/#organization\"},\"potentialAction\":[{\"@type\":\"SearchAction\",\"target\":{\"@type\":\"EntryPoint\",\"urlTemplate\":\"https:\\\/\\\/eestikoolitus.eu\\\/?s={search_term_string}\"},\"query-input\":{\"@type\":\"PropertyValueSpecification\",\"valueRequired\":true,\"valueName\":\"search_term_string\"}}],\"inLanguage\":\"en-US\"},{\"@type\":\"Organization\",\"@id\":\"https:\\\/\\\/eestikoolitus.eu\\\/#organization\",\"name\":\"Tarkuse Allikas O\u00dc\",\"url\":\"https:\\\/\\\/eestikoolitus.eu\\\/\",\"logo\":{\"@type\":\"ImageObject\",\"inLanguage\":\"en-US\",\"@id\":\"https:\\\/\\\/eestikoolitus.eu\\\/#\\\/schema\\\/logo\\\/image\\\/\",\"url\":\"https:\\\/\\\/eestikoolitus.eu\\\/wp-content\\\/uploads\\\/2025\\\/08\\\/logo-1-e1756464573643.png\",\"contentUrl\":\"https:\\\/\\\/eestikoolitus.eu\\\/wp-content\\\/uploads\\\/2025\\\/08\\\/logo-1-e1756464573643.png\",\"width\":942,\"height\":410,\"caption\":\"Tarkuse Allikas O\u00dc\"},\"image\":{\"@id\":\"https:\\\/\\\/eestikoolitus.eu\\\/#\\\/schema\\\/logo\\\/image\\\/\"}}]}<\/script>\n<!-- \/ Yoast SEO plugin. -->","yoast_head_json":{"title":"Andmekaitse - Eesti Koolituse Akadeemia","robots":{"index":"index","follow":"follow","max-snippet":"max-snippet:-1","max-image-preview":"max-image-preview:large","max-video-preview":"max-video-preview:-1"},"canonical":"https:\/\/eestikoolitus.eu\/en\/andmekaitse\/","og_locale":"en_US","og_type":"article","og_title":"Andmekaitse - Eesti Koolituse Akadeemia","og_description":"Osa\u00fching Tarkuse Allikas O\u00dc pakub t\u00e4ienduskoolitusi, mille korraldamisel puututakse kokku klientide isikuandmete t\u00f6\u00f6tlemise vajadusega. Tarkuse Allikas O\u00dc on v\u00f5tnud endale kohustuse kaitsta klientide isiklikke andmeid. Sellega seoses on koostatud andmekaitsetingimused, milles k\u00e4sitletakse klientide andmete kogumist, s\u00e4ilitamist, t\u00f6\u00f6tlemist, kasutamist, avaldamist ja edastamist. Isikuandmete t\u00f6\u00f6tlemisel juhindutakse Euroopa Parlamendi ja N\u00f5ukogu m\u00e4\u00e4rusest (EL) 2016\/679 ning Isikuandmete kaitse seadusest. [&hellip;]","og_url":"https:\/\/eestikoolitus.eu\/en\/andmekaitse\/","og_site_name":"Eesti Koolituse Akadeemia","article_modified_time":"2025-08-29T15:32:49+00:00","twitter_card":"summary_large_image","twitter_misc":{"Est. reading time":"2 minutes"},"schema":{"@context":"https:\/\/schema.org","@graph":[{"@type":"WebPage","@id":"https:\/\/eestikoolitus.eu\/andmekaitse\/","url":"https:\/\/eestikoolitus.eu\/andmekaitse\/","name":"Andmekaitse - Eesti Koolituse Akadeemia","isPartOf":{"@id":"https:\/\/eestikoolitus.eu\/#website"},"datePublished":"2025-08-22T18:13:02+00:00","dateModified":"2025-08-29T15:32:49+00:00","breadcrumb":{"@id":"https:\/\/eestikoolitus.eu\/andmekaitse\/#breadcrumb"},"inLanguage":"en-US","potentialAction":[{"@type":"ReadAction","target":["https:\/\/eestikoolitus.eu\/andmekaitse\/"]}]},{"@type":"BreadcrumbList","@id":"https:\/\/eestikoolitus.eu\/andmekaitse\/#breadcrumb","itemListElement":[{"@type":"ListItem","position":1,"name":"\u0413\u043b\u0430\u0432\u043d\u0430\u044f \u0441\u0442\u0440\u0430\u043d\u0438\u0446\u0430","item":"https:\/\/eestikoolitus.eu\/"},{"@type":"ListItem","position":2,"name":"Andmekaitse"}]},{"@type":"WebSite","@id":"https:\/\/eestikoolitus.eu\/#website","url":"https:\/\/eestikoolitus.eu\/","name":"Eesti Tarkuse Allikas","description":"Meie akadeemia pakub kvaliteetseid koolitused t&auml;iskasvanutele alates algtasemest kuni edasij&otilde;udnuteni.","publisher":{"@id":"https:\/\/eestikoolitus.eu\/#organization"},"potentialAction":[{"@type":"SearchAction","target":{"@type":"EntryPoint","urlTemplate":"https:\/\/eestikoolitus.eu\/?s={search_term_string}"},"query-input":{"@type":"PropertyValueSpecification","valueRequired":true,"valueName":"search_term_string"}}],"inLanguage":"en-US"},{"@type":"Organization","@id":"https:\/\/eestikoolitus.eu\/#organization","name":"Tarkuse Allikas O\u00dc","url":"https:\/\/eestikoolitus.eu\/","logo":{"@type":"ImageObject","inLanguage":"en-US","@id":"https:\/\/eestikoolitus.eu\/#\/schema\/logo\/image\/","url":"https:\/\/eestikoolitus.eu\/wp-content\/uploads\/2025\/08\/logo-1-e1756464573643.png","contentUrl":"https:\/\/eestikoolitus.eu\/wp-content\/uploads\/2025\/08\/logo-1-e1756464573643.png","width":942,"height":410,"caption":"Tarkuse Allikas O\u00dc"},"image":{"@id":"https:\/\/eestikoolitus.eu\/#\/schema\/logo\/image\/"}}]}},"_links":{"self":[{"href":"https:\/\/eestikoolitus.eu\/en\/wp-json\/wp\/v2\/pages\/3","targetHints":{"allow":["GET"]}}],"collection":[{"href":"https:\/\/eestikoolitus.eu\/en\/wp-json\/wp\/v2\/pages"}],"about":[{"href":"https:\/\/eestikoolitus.eu\/en\/wp-json\/wp\/v2\/types\/page"}],"author":[{"embeddable":true,"href":"https:\/\/eestikoolitus.eu\/en\/wp-json\/wp\/v2\/users\/1"}],"replies":[{"embeddable":true,"href":"https:\/\/eestikoolitus.eu\/en\/wp-json\/wp\/v2\/comments?post=3"}],"version-history":[{"count":6,"href":"https:\/\/eestikoolitus.eu\/en\/wp-json\/wp\/v2\/pages\/3\/revisions"}],"predecessor-version":[{"id":119,"href":"https:\/\/eestikoolitus.eu\/en\/wp-json\/wp\/v2\/pages\/3\/revisions\/119"}],"wp:attachment":[{"href":"https:\/\/eestikoolitus.eu\/en\/wp-json\/wp\/v2\/media?parent=3"}],"curies":[{"name":"wp","href":"https:\/\/api.w.org\/{rel}","templated":true}]}}