{"id":36,"date":"2025-08-23T09:21:43","date_gmt":"2025-08-23T09:21:43","guid":{"rendered":"https:\/\/eestikoolitus.eu\/?page_id=36"},"modified":"2025-11-14T12:18:34","modified_gmt":"2025-11-14T12:18:34","slug":"tegevusloa-andmed","status":"publish","type":"page","link":"https:\/\/eestikoolitus.eu\/en\/tegevusloa-andmed\/","title":{"rendered":"Tegevusloa andmed"},"content":{"rendered":"<p><br><br><\/p>\n\n\n\n<p><strong><strong>Tarkuse Allikas O\u00dc<\/strong><\/strong> (registrikood 16381760) omab tegevusluba nr 1.1-3\/23\/73 mootors\u00f5idukijuhtide koolitamiseks A- ja B-kategoorias.<br><br>Majandustegevusteade nr: 260724<br>\u00d5ppeasutuse EHIS-e ID: 2030942<br>\u00d5ppeasutuse liik: t\u00e4ienduskoolitusasutus<br><br>Haridus- ja Teadusministeerium andis 13. novembril 2025 tegevusloa (nr 1.1-3\/25\/177) ettev\u00f5ttele Tarkuse Allikas O\u00dc (registrikood 16381760), mis v\u00f5imaldab l\u00e4bi viia eesti keele t\u00e4ienduskoolitusi tasemetel A2, B1 ja B2 ning ette valmistada \u00f5ppijaid riiklikuks eesti keele tasemeeksamiks.<br><br>Keeleamet seisukohal, et Tarkuse Allikas O\u00dc on t\u00e4itnud keeleseaduse \u00a7 282 nimetatud tegevusloa kontrolliesemele kehtestatud n\u00f5uded A2-, B1- ja B2-taseme tasemeeksamiks ettevalmistamisele suunatud eesti keele t\u00e4ienduskoolituste l\u00e4biviimiseks.<\/p>\n\n\n\n<p><\/p>\n\n\n\n<p>See t\u00e4hendab, et meie kool v\u00f5ib ametlikult pakkuda riiklikult tunnustatud \u00f5ppekavu ja \u00f5ppijad v\u00f5ivad olla kindlad meie koolituste kvaliteedis ning vastavuses Eesti t\u00e4iskasvanuhariduse n\u00f5uetega. <br><br><\/p>\n\n\n\n<p><\/p>","protected":false},"excerpt":{"rendered":"<p>Tarkuse Allikas O\u00dc (registrikood 16381760) omab tegevusluba nr 1.1-3\/23\/73 mootors\u00f5idukijuhtide koolitamiseks A- ja B-kategoorias. Majandustegevusteade nr: 260724\u00d5ppeasutuse EHIS-e ID: 2030942\u00d5ppeasutuse liik: t\u00e4ienduskoolitusasutus Haridus- ja Teadusministeerium andis 13. novembril 2025 tegevusloa (nr 1.1-3\/25\/177) ettev\u00f5ttele Tarkuse Allikas O\u00dc (registrikood 16381760), mis v\u00f5imaldab l\u00e4bi viia eesti keele t\u00e4ienduskoolitusi tasemetel A2, B1 ja B2 ning ette valmistada \u00f5ppijaid riiklikuks [&hellip;]<\/p>\n","protected":false},"author":2,"featured_media":0,"parent":0,"menu_order":0,"comment_status":"closed","ping_status":"closed","template":"","meta":{"footnotes":""},"class_list":["post-36","page","type-page","status-publish","hentry"],"yoast_head":"<!-- This site is optimized with the Yoast SEO plugin v27.4 - https:\/\/yoast.com\/product\/yoast-seo-wordpress\/ -->\n<title>Tegevusloa andmed - Eesti Koolituse Akadeemia<\/title>\n<meta name=\"robots\" content=\"index, follow, max-snippet:-1, max-image-preview:large, max-video-preview:-1\" \/>\n<link rel=\"canonical\" href=\"https:\/\/eestikoolitus.eu\/en\/tegevusloa-andmed\/\" \/>\n<meta property=\"og:locale\" content=\"en_US\" \/>\n<meta property=\"og:type\" content=\"article\" \/>\n<meta property=\"og:title\" content=\"Tegevusloa andmed - Eesti Koolituse Akadeemia\" \/>\n<meta property=\"og:description\" content=\"Tarkuse Allikas O\u00dc (registrikood 16381760) omab tegevusluba nr 1.1-3\/23\/73 mootors\u00f5idukijuhtide koolitamiseks A- ja B-kategoorias. Majandustegevusteade nr: 260724\u00d5ppeasutuse EHIS-e ID: 2030942\u00d5ppeasutuse liik: t\u00e4ienduskoolitusasutus Haridus- ja Teadusministeerium andis 13. novembril 2025 tegevusloa (nr 1.1-3\/25\/177) ettev\u00f5ttele Tarkuse Allikas O\u00dc (registrikood 16381760), mis v\u00f5imaldab l\u00e4bi viia eesti keele t\u00e4ienduskoolitusi tasemetel A2, B1 ja B2 ning ette valmistada \u00f5ppijaid riiklikuks [&hellip;]\" \/>\n<meta property=\"og:url\" content=\"https:\/\/eestikoolitus.eu\/en\/tegevusloa-andmed\/\" \/>\n<meta property=\"og:site_name\" content=\"Eesti Koolituse Akadeemia\" \/>\n<meta property=\"article:modified_time\" content=\"2025-11-14T12:18:34+00:00\" \/>\n<meta name=\"twitter:card\" content=\"summary_large_image\" \/>\n<meta name=\"twitter:label1\" content=\"Est. reading time\" \/>\n\t<meta name=\"twitter:data1\" content=\"1 minute\" \/>\n<script type=\"application\/ld+json\" class=\"yoast-schema-graph\">{\"@context\":\"https:\\\/\\\/schema.org\",\"@graph\":[{\"@type\":\"WebPage\",\"@id\":\"https:\\\/\\\/eestikoolitus.eu\\\/tegevusloa-andmed\\\/\",\"url\":\"https:\\\/\\\/eestikoolitus.eu\\\/tegevusloa-andmed\\\/\",\"name\":\"Tegevusloa andmed - Eesti Koolituse Akadeemia\",\"isPartOf\":{\"@id\":\"https:\\\/\\\/eestikoolitus.eu\\\/#website\"},\"datePublished\":\"2025-08-23T09:21:43+00:00\",\"dateModified\":\"2025-11-14T12:18:34+00:00\",\"breadcrumb\":{\"@id\":\"https:\\\/\\\/eestikoolitus.eu\\\/tegevusloa-andmed\\\/#breadcrumb\"},\"inLanguage\":\"en-US\",\"potentialAction\":[{\"@type\":\"ReadAction\",\"target\":[\"https:\\\/\\\/eestikoolitus.eu\\\/tegevusloa-andmed\\\/\"]}]},{\"@type\":\"BreadcrumbList\",\"@id\":\"https:\\\/\\\/eestikoolitus.eu\\\/tegevusloa-andmed\\\/#breadcrumb\",\"itemListElement\":[{\"@type\":\"ListItem\",\"position\":1,\"name\":\"\u0413\u043b\u0430\u0432\u043d\u0430\u044f \u0441\u0442\u0440\u0430\u043d\u0438\u0446\u0430\",\"item\":\"https:\\\/\\\/eestikoolitus.eu\\\/\"},{\"@type\":\"ListItem\",\"position\":2,\"name\":\"Tegevusloa andmed\"}]},{\"@type\":\"WebSite\",\"@id\":\"https:\\\/\\\/eestikoolitus.eu\\\/#website\",\"url\":\"https:\\\/\\\/eestikoolitus.eu\\\/\",\"name\":\"Eesti Tarkuse Allikas\",\"description\":\"Meie akadeemia pakub kvaliteetseid koolitused t&auml;iskasvanutele alates algtasemest kuni edasij&otilde;udnuteni.\",\"publisher\":{\"@id\":\"https:\\\/\\\/eestikoolitus.eu\\\/#organization\"},\"potentialAction\":[{\"@type\":\"SearchAction\",\"target\":{\"@type\":\"EntryPoint\",\"urlTemplate\":\"https:\\\/\\\/eestikoolitus.eu\\\/?s={search_term_string}\"},\"query-input\":{\"@type\":\"PropertyValueSpecification\",\"valueRequired\":true,\"valueName\":\"search_term_string\"}}],\"inLanguage\":\"en-US\"},{\"@type\":\"Organization\",\"@id\":\"https:\\\/\\\/eestikoolitus.eu\\\/#organization\",\"name\":\"Tarkuse Allikas O\u00dc\",\"url\":\"https:\\\/\\\/eestikoolitus.eu\\\/\",\"logo\":{\"@type\":\"ImageObject\",\"inLanguage\":\"en-US\",\"@id\":\"https:\\\/\\\/eestikoolitus.eu\\\/#\\\/schema\\\/logo\\\/image\\\/\",\"url\":\"https:\\\/\\\/eestikoolitus.eu\\\/wp-content\\\/uploads\\\/2025\\\/08\\\/logo-1-e1756464573643.png\",\"contentUrl\":\"https:\\\/\\\/eestikoolitus.eu\\\/wp-content\\\/uploads\\\/2025\\\/08\\\/logo-1-e1756464573643.png\",\"width\":942,\"height\":410,\"caption\":\"Tarkuse Allikas O\u00dc\"},\"image\":{\"@id\":\"https:\\\/\\\/eestikoolitus.eu\\\/#\\\/schema\\\/logo\\\/image\\\/\"}}]}<\/script>\n<!-- \/ Yoast SEO plugin. -->","yoast_head_json":{"title":"Tegevusloa andmed - Eesti Koolituse Akadeemia","robots":{"index":"index","follow":"follow","max-snippet":"max-snippet:-1","max-image-preview":"max-image-preview:large","max-video-preview":"max-video-preview:-1"},"canonical":"https:\/\/eestikoolitus.eu\/en\/tegevusloa-andmed\/","og_locale":"en_US","og_type":"article","og_title":"Tegevusloa andmed - Eesti Koolituse Akadeemia","og_description":"Tarkuse Allikas O\u00dc (registrikood 16381760) omab tegevusluba nr 1.1-3\/23\/73 mootors\u00f5idukijuhtide koolitamiseks A- ja B-kategoorias. Majandustegevusteade nr: 260724\u00d5ppeasutuse EHIS-e ID: 2030942\u00d5ppeasutuse liik: t\u00e4ienduskoolitusasutus Haridus- ja Teadusministeerium andis 13. novembril 2025 tegevusloa (nr 1.1-3\/25\/177) ettev\u00f5ttele Tarkuse Allikas O\u00dc (registrikood 16381760), mis v\u00f5imaldab l\u00e4bi viia eesti keele t\u00e4ienduskoolitusi tasemetel A2, B1 ja B2 ning ette valmistada \u00f5ppijaid riiklikuks [&hellip;]","og_url":"https:\/\/eestikoolitus.eu\/en\/tegevusloa-andmed\/","og_site_name":"Eesti Koolituse Akadeemia","article_modified_time":"2025-11-14T12:18:34+00:00","twitter_card":"summary_large_image","twitter_misc":{"Est. reading time":"1 minute"},"schema":{"@context":"https:\/\/schema.org","@graph":[{"@type":"WebPage","@id":"https:\/\/eestikoolitus.eu\/tegevusloa-andmed\/","url":"https:\/\/eestikoolitus.eu\/tegevusloa-andmed\/","name":"Tegevusloa andmed - Eesti Koolituse Akadeemia","isPartOf":{"@id":"https:\/\/eestikoolitus.eu\/#website"},"datePublished":"2025-08-23T09:21:43+00:00","dateModified":"2025-11-14T12:18:34+00:00","breadcrumb":{"@id":"https:\/\/eestikoolitus.eu\/tegevusloa-andmed\/#breadcrumb"},"inLanguage":"en-US","potentialAction":[{"@type":"ReadAction","target":["https:\/\/eestikoolitus.eu\/tegevusloa-andmed\/"]}]},{"@type":"BreadcrumbList","@id":"https:\/\/eestikoolitus.eu\/tegevusloa-andmed\/#breadcrumb","itemListElement":[{"@type":"ListItem","position":1,"name":"\u0413\u043b\u0430\u0432\u043d\u0430\u044f \u0441\u0442\u0440\u0430\u043d\u0438\u0446\u0430","item":"https:\/\/eestikoolitus.eu\/"},{"@type":"ListItem","position":2,"name":"Tegevusloa andmed"}]},{"@type":"WebSite","@id":"https:\/\/eestikoolitus.eu\/#website","url":"https:\/\/eestikoolitus.eu\/","name":"Eesti Tarkuse Allikas","description":"Meie akadeemia pakub kvaliteetseid koolitused t&auml;iskasvanutele alates algtasemest kuni edasij&otilde;udnuteni.","publisher":{"@id":"https:\/\/eestikoolitus.eu\/#organization"},"potentialAction":[{"@type":"SearchAction","target":{"@type":"EntryPoint","urlTemplate":"https:\/\/eestikoolitus.eu\/?s={search_term_string}"},"query-input":{"@type":"PropertyValueSpecification","valueRequired":true,"valueName":"search_term_string"}}],"inLanguage":"en-US"},{"@type":"Organization","@id":"https:\/\/eestikoolitus.eu\/#organization","name":"Tarkuse Allikas O\u00dc","url":"https:\/\/eestikoolitus.eu\/","logo":{"@type":"ImageObject","inLanguage":"en-US","@id":"https:\/\/eestikoolitus.eu\/#\/schema\/logo\/image\/","url":"https:\/\/eestikoolitus.eu\/wp-content\/uploads\/2025\/08\/logo-1-e1756464573643.png","contentUrl":"https:\/\/eestikoolitus.eu\/wp-content\/uploads\/2025\/08\/logo-1-e1756464573643.png","width":942,"height":410,"caption":"Tarkuse Allikas O\u00dc"},"image":{"@id":"https:\/\/eestikoolitus.eu\/#\/schema\/logo\/image\/"}}]}},"_links":{"self":[{"href":"https:\/\/eestikoolitus.eu\/en\/wp-json\/wp\/v2\/pages\/36","targetHints":{"allow":["GET"]}}],"collection":[{"href":"https:\/\/eestikoolitus.eu\/en\/wp-json\/wp\/v2\/pages"}],"about":[{"href":"https:\/\/eestikoolitus.eu\/en\/wp-json\/wp\/v2\/types\/page"}],"author":[{"embeddable":true,"href":"https:\/\/eestikoolitus.eu\/en\/wp-json\/wp\/v2\/users\/2"}],"replies":[{"embeddable":true,"href":"https:\/\/eestikoolitus.eu\/en\/wp-json\/wp\/v2\/comments?post=36"}],"version-history":[{"count":12,"href":"https:\/\/eestikoolitus.eu\/en\/wp-json\/wp\/v2\/pages\/36\/revisions"}],"predecessor-version":[{"id":338,"href":"https:\/\/eestikoolitus.eu\/en\/wp-json\/wp\/v2\/pages\/36\/revisions\/338"}],"wp:attachment":[{"href":"https:\/\/eestikoolitus.eu\/en\/wp-json\/wp\/v2\/media?parent=36"}],"curies":[{"name":"wp","href":"https:\/\/api.w.org\/{rel}","templated":true}]}}