{"id":191,"date":"2025-09-03T06:24:31","date_gmt":"2025-09-03T06:24:31","guid":{"rendered":"https:\/\/eestikoolitus.eu\/?page_id=191"},"modified":"2026-02-20T10:34:08","modified_gmt":"2026-02-20T10:34:08","slug":"koolitajad","status":"publish","type":"page","link":"https:\/\/eestikoolitus.eu\/ru\/koolitajad\/","title":{"rendered":"Koolitajad"},"content":{"rendered":"<p>Koolitust viivad l\u00e4bi eesti keele kui v\u00f5\u00f5rkeele \u00f5petajad ja varasema t\u00e4iskasvanute koolitamise kogemusega \u00f5petajad.<br><br><strong>Daria Alter<\/strong><br>Darial on Tallinna \u00dclikooli bakalaureusekraad eesti keel kui teine keel ja eesti kultuur erialal. Ta on l\u00e4binud mitmeid koolitusi, mis toetavad nii \u00f5petaja kui koolitaja p\u00e4devusi. Darial on \u00f5petamiskogemus \u00fcldhariduskoolis ja t\u00e4iskasvanute keelekursustel.<br><br><strong>Victoria Zarubina<\/strong><br>Victoria on eesti filoloogia, soome filoloogia ja kultuuriteaduse bakalaureusekraadiga \u00f5petaja. Ta \u00f5petab eesti keelt nii \u00fcldhariduskoolis kui t\u00e4iskasvanutele. Victoria l\u00e4henemine \u00fchendab akadeemilise p\u00f5hjalikkuse ja \u00f5ppijakesksed \u00f5petamisv\u00f5tted.<br><br><strong>Olga Kudajeva<\/strong><br>Olga on mitmek\u00fclgse haridustaustaga \u00f5petaja, kellel on kraadid skandinaavia keelte ja kultuuri erialal ning viiuli\u00f5petaja ettevalmistus Eesti Muusika- ja Teatriakadeemiast. Ta on t\u00f6\u00f6tanud eesti keele \u00f5petajana ja t\u00f5lkijana ning viib l\u00e4bi eesti keele koolitusi t\u00e4iskasvanutele. Olga l\u00e4henemine \u00fchendab s\u00fcsteemse keele\u00f5ppe, selged selgitused ja toetava, \u00f5ppijakeskse \u00f5hkkonna.<br><br><strong>Irina Timo\u0161t\u0161uk <\/strong><br>on magistrikraadiga eesti keele \u00f5petaja, kellel on pikaajaline kogemus eesti keele \u00f5petamisel t\u00e4iskasvanutele. Ta on l\u00e4bi viinud A1\u2013B1 taseme koolitusi mitmes koolitusasutuses ja projektis ning t\u00e4iendanud end ka foneetika, suhtluse ja andragoogika valdkonnas. Irina l\u00e4henemine on s\u00fcsteemne ja rahulik.<br><br><strong>Valeria \u0160ipilova<\/strong><br>on Tallinna \u00dclikooli taustaga eesti keele \u00f5petaja, kes on spetsialiseerunud keele \u00f5petamisele mitmekeelses \u00f5pikeskkonnas. Ta t\u00f6\u00f6tab juht\u00f5petajana Riigig\u00fcmnaasiumis ning \u00f5petab eesti keelt ka t\u00e4iskasvanutele A1\u2013B1 tasemel. Valeria l\u00e4henemine \u00fchendab selge struktuuri, praktilise keelekasutuse ja \u00f5ppijakesksed v\u00f5tted, et \u00f5ppija liiguks samm-sammult kindlamalt suhtlemiseni.<\/p>\n\n\n\n<p><strong>Maria R\u00f5uk<\/strong> <br>on magistrikraadiga \u00f5petaja, kellel on pikaajaline kogemus t\u00e4iskasvanute koolitajana. Ta on tegutsenud nii t\u00e4iskasvanute koolitustes kui ka \u00fcldhariduskoolis, kus on andnud nii kunsti- kui eesti keele tunde. Lisaks pakub Maria individuaal\u00f5pet ja toetab \u00f5ppijaid eesm\u00e4rgip\u00e4raselt eesti keele A2-taseme eksamiks valmistumisel. Tema tundides on tempo tasakaalus, selgitused arusaadavad ja \u00f5hkkond toetav.<br><br><strong>Aleksei \u0160meljov<\/strong><br>A- ja B-kategooria mootors\u00f5iduki \u00f5petaja - (teooria- ja s\u00f5idu\u00f5petaja \u00d5T005688)<\/p>\n\n\n\n<p><\/p>","protected":false},"excerpt":{"rendered":"<p>Koolitust viivad l\u00e4bi eesti keele kui v\u00f5\u00f5rkeele \u00f5petajad ja varasema t\u00e4iskasvanute koolitamise kogemusega \u00f5petajad. Daria AlterDarial on Tallinna \u00dclikooli bakalaureusekraad eesti keel kui teine keel ja eesti kultuur erialal. Ta on l\u00e4binud mitmeid koolitusi, mis toetavad nii \u00f5petaja kui koolitaja p\u00e4devusi. Darial on \u00f5petamiskogemus \u00fcldhariduskoolis ja t\u00e4iskasvanute keelekursustel. Victoria ZarubinaVictoria on eesti filoloogia, soome filoloogia [&hellip;]<\/p>\n","protected":false},"author":1,"featured_media":0,"parent":0,"menu_order":0,"comment_status":"closed","ping_status":"closed","template":"","meta":{"footnotes":""},"class_list":["post-191","page","type-page","status-publish","hentry"],"yoast_head":"<!-- This site is optimized with the Yoast SEO plugin v27.4 - https:\/\/yoast.com\/product\/yoast-seo-wordpress\/ -->\n<title>Koolitajad - Eesti Koolituse Akadeemia<\/title>\n<meta name=\"robots\" content=\"index, follow, max-snippet:-1, max-image-preview:large, max-video-preview:-1\" \/>\n<link rel=\"canonical\" href=\"https:\/\/eestikoolitus.eu\/ru\/koolitajad\/\" \/>\n<meta property=\"og:locale\" content=\"ru_RU\" \/>\n<meta property=\"og:type\" content=\"article\" \/>\n<meta property=\"og:title\" content=\"Koolitajad - Eesti Koolituse Akadeemia\" \/>\n<meta property=\"og:description\" content=\"Koolitust viivad l\u00e4bi eesti keele kui v\u00f5\u00f5rkeele \u00f5petajad ja varasema t\u00e4iskasvanute koolitamise kogemusega \u00f5petajad. Daria AlterDarial on Tallinna \u00dclikooli bakalaureusekraad eesti keel kui teine keel ja eesti kultuur erialal. Ta on l\u00e4binud mitmeid koolitusi, mis toetavad nii \u00f5petaja kui koolitaja p\u00e4devusi. Darial on \u00f5petamiskogemus \u00fcldhariduskoolis ja t\u00e4iskasvanute keelekursustel. Victoria ZarubinaVictoria on eesti filoloogia, soome filoloogia [&hellip;]\" \/>\n<meta property=\"og:url\" content=\"https:\/\/eestikoolitus.eu\/ru\/koolitajad\/\" \/>\n<meta property=\"og:site_name\" content=\"Eesti Koolituse Akadeemia\" \/>\n<meta property=\"article:modified_time\" content=\"2026-02-20T10:34:08+00:00\" \/>\n<meta name=\"twitter:card\" content=\"summary_large_image\" \/>\n<meta name=\"twitter:label1\" content=\"\u041f\u0440\u0438\u043c\u0435\u0440\u043d\u043e\u0435 \u0432\u0440\u0435\u043c\u044f \u0434\u043b\u044f \u0447\u0442\u0435\u043d\u0438\u044f\" \/>\n\t<meta name=\"twitter:data1\" content=\"2 \u043c\u0438\u043d\u0443\u0442\u044b\" \/>\n<script type=\"application\/ld+json\" class=\"yoast-schema-graph\">{\"@context\":\"https:\\\/\\\/schema.org\",\"@graph\":[{\"@type\":\"WebPage\",\"@id\":\"https:\\\/\\\/eestikoolitus.eu\\\/koolitajad\\\/\",\"url\":\"https:\\\/\\\/eestikoolitus.eu\\\/koolitajad\\\/\",\"name\":\"Koolitajad - Eesti Koolituse Akadeemia\",\"isPartOf\":{\"@id\":\"https:\\\/\\\/eestikoolitus.eu\\\/#website\"},\"datePublished\":\"2025-09-03T06:24:31+00:00\",\"dateModified\":\"2026-02-20T10:34:08+00:00\",\"breadcrumb\":{\"@id\":\"https:\\\/\\\/eestikoolitus.eu\\\/koolitajad\\\/#breadcrumb\"},\"inLanguage\":\"ru-RU\",\"potentialAction\":[{\"@type\":\"ReadAction\",\"target\":[\"https:\\\/\\\/eestikoolitus.eu\\\/koolitajad\\\/\"]}]},{\"@type\":\"BreadcrumbList\",\"@id\":\"https:\\\/\\\/eestikoolitus.eu\\\/koolitajad\\\/#breadcrumb\",\"itemListElement\":[{\"@type\":\"ListItem\",\"position\":1,\"name\":\"\u0413\u043b\u0430\u0432\u043d\u0430\u044f \u0441\u0442\u0440\u0430\u043d\u0438\u0446\u0430\",\"item\":\"https:\\\/\\\/eestikoolitus.eu\\\/\"},{\"@type\":\"ListItem\",\"position\":2,\"name\":\"Koolitajad\"}]},{\"@type\":\"WebSite\",\"@id\":\"https:\\\/\\\/eestikoolitus.eu\\\/#website\",\"url\":\"https:\\\/\\\/eestikoolitus.eu\\\/\",\"name\":\"Eesti Tarkuse Allikas\",\"description\":\"Meie akadeemia pakub kvaliteetseid koolitused t&auml;iskasvanutele alates algtasemest kuni edasij&otilde;udnuteni.\",\"publisher\":{\"@id\":\"https:\\\/\\\/eestikoolitus.eu\\\/#organization\"},\"potentialAction\":[{\"@type\":\"SearchAction\",\"target\":{\"@type\":\"EntryPoint\",\"urlTemplate\":\"https:\\\/\\\/eestikoolitus.eu\\\/?s={search_term_string}\"},\"query-input\":{\"@type\":\"PropertyValueSpecification\",\"valueRequired\":true,\"valueName\":\"search_term_string\"}}],\"inLanguage\":\"ru-RU\"},{\"@type\":\"Organization\",\"@id\":\"https:\\\/\\\/eestikoolitus.eu\\\/#organization\",\"name\":\"Tarkuse Allikas O\u00dc\",\"url\":\"https:\\\/\\\/eestikoolitus.eu\\\/\",\"logo\":{\"@type\":\"ImageObject\",\"inLanguage\":\"ru-RU\",\"@id\":\"https:\\\/\\\/eestikoolitus.eu\\\/#\\\/schema\\\/logo\\\/image\\\/\",\"url\":\"https:\\\/\\\/eestikoolitus.eu\\\/wp-content\\\/uploads\\\/2025\\\/08\\\/logo-1-e1756464573643.png\",\"contentUrl\":\"https:\\\/\\\/eestikoolitus.eu\\\/wp-content\\\/uploads\\\/2025\\\/08\\\/logo-1-e1756464573643.png\",\"width\":942,\"height\":410,\"caption\":\"Tarkuse Allikas O\u00dc\"},\"image\":{\"@id\":\"https:\\\/\\\/eestikoolitus.eu\\\/#\\\/schema\\\/logo\\\/image\\\/\"}}]}<\/script>\n<!-- \/ Yoast SEO plugin. -->","yoast_head_json":{"title":"Koolitajad - Eesti Koolituse Akadeemia","robots":{"index":"index","follow":"follow","max-snippet":"max-snippet:-1","max-image-preview":"max-image-preview:large","max-video-preview":"max-video-preview:-1"},"canonical":"https:\/\/eestikoolitus.eu\/ru\/koolitajad\/","og_locale":"ru_RU","og_type":"article","og_title":"Koolitajad - Eesti Koolituse Akadeemia","og_description":"Koolitust viivad l\u00e4bi eesti keele kui v\u00f5\u00f5rkeele \u00f5petajad ja varasema t\u00e4iskasvanute koolitamise kogemusega \u00f5petajad. Daria AlterDarial on Tallinna \u00dclikooli bakalaureusekraad eesti keel kui teine keel ja eesti kultuur erialal. Ta on l\u00e4binud mitmeid koolitusi, mis toetavad nii \u00f5petaja kui koolitaja p\u00e4devusi. Darial on \u00f5petamiskogemus \u00fcldhariduskoolis ja t\u00e4iskasvanute keelekursustel. Victoria ZarubinaVictoria on eesti filoloogia, soome filoloogia [&hellip;]","og_url":"https:\/\/eestikoolitus.eu\/ru\/koolitajad\/","og_site_name":"Eesti Koolituse Akadeemia","article_modified_time":"2026-02-20T10:34:08+00:00","twitter_card":"summary_large_image","twitter_misc":{"\u041f\u0440\u0438\u043c\u0435\u0440\u043d\u043e\u0435 \u0432\u0440\u0435\u043c\u044f \u0434\u043b\u044f \u0447\u0442\u0435\u043d\u0438\u044f":"2 \u043c\u0438\u043d\u0443\u0442\u044b"},"schema":{"@context":"https:\/\/schema.org","@graph":[{"@type":"WebPage","@id":"https:\/\/eestikoolitus.eu\/koolitajad\/","url":"https:\/\/eestikoolitus.eu\/koolitajad\/","name":"Koolitajad - Eesti Koolituse Akadeemia","isPartOf":{"@id":"https:\/\/eestikoolitus.eu\/#website"},"datePublished":"2025-09-03T06:24:31+00:00","dateModified":"2026-02-20T10:34:08+00:00","breadcrumb":{"@id":"https:\/\/eestikoolitus.eu\/koolitajad\/#breadcrumb"},"inLanguage":"ru-RU","potentialAction":[{"@type":"ReadAction","target":["https:\/\/eestikoolitus.eu\/koolitajad\/"]}]},{"@type":"BreadcrumbList","@id":"https:\/\/eestikoolitus.eu\/koolitajad\/#breadcrumb","itemListElement":[{"@type":"ListItem","position":1,"name":"\u0413\u043b\u0430\u0432\u043d\u0430\u044f \u0441\u0442\u0440\u0430\u043d\u0438\u0446\u0430","item":"https:\/\/eestikoolitus.eu\/"},{"@type":"ListItem","position":2,"name":"Koolitajad"}]},{"@type":"WebSite","@id":"https:\/\/eestikoolitus.eu\/#website","url":"https:\/\/eestikoolitus.eu\/","name":"Eesti Tarkuse Allikas","description":"Meie akadeemia pakub kvaliteetseid koolitused t&auml;iskasvanutele alates algtasemest kuni edasij&otilde;udnuteni.","publisher":{"@id":"https:\/\/eestikoolitus.eu\/#organization"},"potentialAction":[{"@type":"SearchAction","target":{"@type":"EntryPoint","urlTemplate":"https:\/\/eestikoolitus.eu\/?s={search_term_string}"},"query-input":{"@type":"PropertyValueSpecification","valueRequired":true,"valueName":"search_term_string"}}],"inLanguage":"ru-RU"},{"@type":"Organization","@id":"https:\/\/eestikoolitus.eu\/#organization","name":"Tarkuse Allikas O\u00dc","url":"https:\/\/eestikoolitus.eu\/","logo":{"@type":"ImageObject","inLanguage":"ru-RU","@id":"https:\/\/eestikoolitus.eu\/#\/schema\/logo\/image\/","url":"https:\/\/eestikoolitus.eu\/wp-content\/uploads\/2025\/08\/logo-1-e1756464573643.png","contentUrl":"https:\/\/eestikoolitus.eu\/wp-content\/uploads\/2025\/08\/logo-1-e1756464573643.png","width":942,"height":410,"caption":"Tarkuse Allikas O\u00dc"},"image":{"@id":"https:\/\/eestikoolitus.eu\/#\/schema\/logo\/image\/"}}]}},"_links":{"self":[{"href":"https:\/\/eestikoolitus.eu\/ru\/wp-json\/wp\/v2\/pages\/191","targetHints":{"allow":["GET"]}}],"collection":[{"href":"https:\/\/eestikoolitus.eu\/ru\/wp-json\/wp\/v2\/pages"}],"about":[{"href":"https:\/\/eestikoolitus.eu\/ru\/wp-json\/wp\/v2\/types\/page"}],"author":[{"embeddable":true,"href":"https:\/\/eestikoolitus.eu\/ru\/wp-json\/wp\/v2\/users\/1"}],"replies":[{"embeddable":true,"href":"https:\/\/eestikoolitus.eu\/ru\/wp-json\/wp\/v2\/comments?post=191"}],"version-history":[{"count":9,"href":"https:\/\/eestikoolitus.eu\/ru\/wp-json\/wp\/v2\/pages\/191\/revisions"}],"predecessor-version":[{"id":488,"href":"https:\/\/eestikoolitus.eu\/ru\/wp-json\/wp\/v2\/pages\/191\/revisions\/488"}],"wp:attachment":[{"href":"https:\/\/eestikoolitus.eu\/ru\/wp-json\/wp\/v2\/media?parent=191"}],"curies":[{"name":"wp","href":"https:\/\/api.w.org\/{rel}","templated":true}]}}